{"id":2845,"date":"2023-01-20T09:42:47","date_gmt":"2023-01-20T08:42:47","guid":{"rendered":"https:\/\/www.isolexengineering.it\/isolatoren\/stueztenisolatoren\/waermehaertende-harz-stueztenisolatoren\/"},"modified":"2025-01-21T16:45:13","modified_gmt":"2025-01-21T15:45:13","slug":"waermehaertende-harz-stueztenisolatoren","status":"publish","type":"page","link":"https:\/\/www.isolexengineering.it\/de\/isolatoren\/stueztenisolatoren\/waermehaertende-harz-stueztenisolatoren\/","title":{"rendered":"W\u00e4rmeh\u00e4rtende Harz-St\u00fcztenisolatoren"},"content":{"rendered":"<p><!--[CDATA[]]--><\/p>\n","protected":false},"excerpt":{"rendered":"<p>\t\t\t\t<![CDATA[]]>\t\t<\/p>\n","protected":false},"author":1,"featured_media":1933,"parent":2843,"menu_order":8,"comment_status":"closed","ping_status":"closed","template":"","meta":{"wp_mapbox_gl_js_media":[],"footnotes":""},"class_list":["post-2845","page","type-page","status-publish","has-post-thumbnail","hentry"],"aioseo_notices":[],"jetpack_sharing_enabled":true,"_links":{"self":[{"href":"https:\/\/www.isolexengineering.it\/de\/wp-json\/wp\/v2\/pages\/2845","targetHints":{"allow":["GET"]}}],"collection":[{"href":"https:\/\/www.isolexengineering.it\/de\/wp-json\/wp\/v2\/pages"}],"about":[{"href":"https:\/\/www.isolexengineering.it\/de\/wp-json\/wp\/v2\/types\/page"}],"author":[{"embeddable":true,"href":"https:\/\/www.isolexengineering.it\/de\/wp-json\/wp\/v2\/users\/1"}],"replies":[{"embeddable":true,"href":"https:\/\/www.isolexengineering.it\/de\/wp-json\/wp\/v2\/comments?post=2845"}],"version-history":[{"count":1,"href":"https:\/\/www.isolexengineering.it\/de\/wp-json\/wp\/v2\/pages\/2845\/revisions"}],"predecessor-version":[{"id":4676,"href":"https:\/\/www.isolexengineering.it\/de\/wp-json\/wp\/v2\/pages\/2845\/revisions\/4676"}],"up":[{"embeddable":true,"href":"https:\/\/www.isolexengineering.it\/de\/wp-json\/wp\/v2\/pages\/2843"}],"wp:featuredmedia":[{"embeddable":true,"href":"https:\/\/www.isolexengineering.it\/de\/wp-json\/wp\/v2\/media\/1933"}],"wp:attachment":[{"href":"https:\/\/www.isolexengineering.it\/de\/wp-json\/wp\/v2\/media?parent=2845"}],"curies":[{"name":"wp","href":"https:\/\/api.w.org\/{rel}","templated":true}]}}